{"id":20091,"date":"2025-08-07T12:42:00","date_gmt":"2025-08-07T12:42:00","guid":{"rendered":"https:\/\/taxinova.si\/?page_id=20091"},"modified":"2025-08-07T12:42:04","modified_gmt":"2025-08-07T12:42:04","slug":"taxi-from-slovenia-to-trieste-northern-italy-fast-reliable-taxinova","status":"publish","type":"page","link":"https:\/\/taxinova.si\/sl\/taxi-from-slovenia-to-trieste-northern-italy-fast-reliable-taxinova\/","title":{"rendered":"Taxi iz Slovenije v Trst in Severno Italijo | Hitro in zanesljivo - TaxiNOVA"},"content":{"rendered":"<div data-elementor-type=\"wp-page\" data-elementor-id=\"20091\" class=\"elementor elementor-20091\">\n\t\t\t\t<div class=\"elementor-element elementor-element-f57b6e9 e-flex e-con-boxed tm-col-stretched-none tm-bg-color-over-image e-con e-parent\" data-id=\"f57b6e9\" data-element_type=\"container\" data-e-type=\"container\">\n\t\t\t\t\t<div class=\"e-con-inner\">\n\t\t<div class=\"elementor-element elementor-element-2d05c93 e-con-full e-flex tm-col-stretched-none tm-bg-color-over-image e-con e-child\" data-id=\"2d05c93\" data-element_type=\"container\" data-e-type=\"container\">\n\t\t<div class=\"elementor-element elementor-element-a94ab6e e-con-full e-flex tm-col-stretched-none tm-bg-color-over-image e-con e-child\" data-id=\"a94ab6e\" data-element_type=\"container\" data-e-type=\"container\" data-settings=\"{&quot;background_background&quot;:&quot;classic&quot;}\">\n\t\t<div class=\"elementor-element elementor-element-1b5ccb3 e-con-full tm-col-stretched-none elementor-hidden-tablet elementor-hidden-mobile e-flex tm-bg-color-over-image e-con e-child\" data-id=\"1b5ccb3\" data-element_type=\"container\" data-e-type=\"container\">\n\t\t\t\t<div class=\"elementor-element elementor-element-9737424 elementor-widget elementor-widget-tm-ele-floating-objects\" data-id=\"9737424\" data-element_type=\"widget\" data-e-type=\"widget\" data-widget_type=\"tm-ele-floating-objects.default\">\n\t\t\t\t<div class=\"elementor-widget-container\">\n\t\t\t\t\t\t\t<div class=\"tm-ele-floating-objects\">\r\n\t<span class=\"each-object elementor-repeater-item-a5bb126\" style=\"background-image: url(https:\/\/taxinova.si\/wp-content\/uploads\/2024\/09\/icon-car-5.png);\"><\/span>\t\t<\/div>\r\n\t\t\t\t\t<\/div>\n\t\t\t\t<\/div>\n\t\t\t\t<\/div>\n\t\t<div class=\"elementor-element elementor-element-abd9ae4 e-con-full tm-col-stretched-none e-flex tm-bg-color-over-image e-con e-child\" data-id=\"abd9ae4\" data-element_type=\"container\" data-e-type=\"container\">\n\t\t\t\t<div class=\"elementor-element elementor-element-3914960 tm-contact-form-7-button-align-left tm-contact-form-7-button-custom elementor-widget elementor-widget-tm-ele-contact-form-7\" data-id=\"3914960\" data-element_type=\"widget\" data-e-type=\"widget\" data-widget_type=\"tm-ele-contact-form-7.default\">\n\t\t\t\t<div class=\"elementor-widget-container\">\n\t\t\t\t\t<div class=\"tm-contact-form-7-wrapper\">\r\n\t\t\t\t<div class=\"tm-contact-form tm-contact-form-7 tm-contact-form-3914960 placeholder-show tm-contact-form-align-default\"><div class=\"tm-contact-form-7-heading\"><h5 class=\"tm-contact-form-subtitle tm-contact-form-7-subtitle\">\r\n\t\t\t\t\t\t\t\tOnline booking\r\n\t\t\t\t\t\t\t<\/h5><h2 class=\"tm-contact-form-title tm-contact-form-7-title\">\r\n\t\t\t\t\t\t\t\tConfirm your booking now!\r\n\t\t\t\t\t\t\t<\/h2><\/div>\n<div class=\"wpcf7 no-js\" id=\"wpcf7-f14392-o1\" lang=\"en-US\" dir=\"ltr\" data-wpcf7-id=\"14392\">\n<div class=\"screen-reader-response\"><p role=\"status\" aria-live=\"polite\" aria-atomic=\"true\"><\/p> <ul><\/ul><\/div>\n<form action=\"\/sl\/wp-json\/wp\/v2\/pages\/20091#wpcf7-f14392-o1\" method=\"post\" class=\"wpcf7-form init\" aria-label=\"Contact form\" novalidate=\"novalidate\" data-status=\"init\" data-trp-original-action=\"\/sl\/wp-json\/wp\/v2\/pages\/20091#wpcf7-f14392-o1\">\n<fieldset class=\"hidden-fields-container\"><input type=\"hidden\" name=\"_wpcf7\" value=\"14392\" \/><input type=\"hidden\" name=\"_wpcf7_version\" value=\"6.1.5\" \/><input type=\"hidden\" name=\"_wpcf7_locale\" value=\"en_US\" \/><input type=\"hidden\" name=\"_wpcf7_unit_tag\" value=\"wpcf7-f14392-o1\" \/><input type=\"hidden\" name=\"_wpcf7_container_post\" value=\"0\" \/><input type=\"hidden\" name=\"_wpcf7_posted_data_hash\" value=\"\" \/>\n<\/fieldset>\n<div class=\"booking-form\">\n  <div class=\"row g-3\">\n    <div class=\"col-sm-4\">\n      <div class=\"input-outer\">\n        <span class=\"wpcf7-form-control-wrap\" data-name=\"your-name\"><input size=\"40\" maxlength=\"400\" class=\"wpcf7-form-control wpcf7-text wpcf7-validates-as-required form-control\" aria-required=\"true\" aria-invalid=\"false\" placeholder=\"Ime\" value=\"\" type=\"text\" name=\"your-name\" \/><\/span>\n        <i class=\"fa fa-user\"><\/i>\n      <\/div>\n    <\/div>\n    <div class=\"col-sm-4\">\n      <div class=\"input-outer\">\n        <span class=\"wpcf7-form-control-wrap\" data-name=\"your-phone\"><input size=\"40\" maxlength=\"400\" class=\"wpcf7-form-control wpcf7-text wpcf7-validates-as-required form-control\" aria-required=\"true\" aria-invalid=\"false\" placeholder=\"Telefon\" value=\"\" type=\"text\" name=\"your-phone\" \/><\/span>\n        <i class=\"fa fa-phone\"><\/i>\n      <\/div>\n    <\/div>\n    <div class=\"col-sm-4\">\n      <div class=\"input-outer\">\n        <span class=\"wpcf7-form-control-wrap\" data-name=\"your-email\"><input size=\"40\" maxlength=\"400\" class=\"wpcf7-form-control wpcf7-email wpcf7-validates-as-required wpcf7-text wpcf7-validates-as-email form-control\" aria-required=\"true\" aria-invalid=\"false\" placeholder=\"E-po\u0161ta\" value=\"\" type=\"email\" name=\"your-email\" \/><\/span>\n        <i class=\"fa fa-envelope\"><\/i>\n      <\/div>\n    <\/div>\n    <div class=\"col-sm-4\">\n      <div class=\"input-outer\">\n        <span class=\"wpcf7-form-control-wrap\" data-name=\"packages\"><input size=\"40\" maxlength=\"400\" class=\"wpcf7-form-control wpcf7-text wpcf7-validates-as-required form-control\" aria-required=\"true\" aria-invalid=\"false\" placeholder=\"Paketi\" value=\"\" type=\"text\" name=\"packages\" \/><\/span>\n        <i class=\"fa fa-tags\"><\/i>\n      <\/div>\n    <\/div>\n    <div class=\"col-sm-4\">\n      <div class=\"input-outer\">\n        <span class=\"wpcf7-form-control-wrap\" data-name=\"passenger\"><input size=\"40\" maxlength=\"400\" class=\"wpcf7-form-control wpcf7-text wpcf7-validates-as-required form-control\" aria-required=\"true\" aria-invalid=\"false\" placeholder=\"Potniki\" value=\"\" type=\"text\" name=\"passenger\" \/><\/span>\n        <i class=\"fa fa-group\"><\/i>\n      <\/div>\n    <\/div>\n    <div class=\"col-sm-4\">\n      <div class=\"input-outer\">\n        <span class=\"wpcf7-form-control-wrap\" data-name=\"destination\"><input size=\"40\" maxlength=\"400\" class=\"wpcf7-form-control wpcf7-text wpcf7-validates-as-required form-control\" aria-required=\"true\" aria-invalid=\"false\" placeholder=\"Za\u010detni cilj\" value=\"\" type=\"text\" name=\"destination\" \/><\/span>\n        <i class=\"fa fa-map-marker-alt\"><\/i>\n      <\/div>\n    <\/div>\n    <div class=\"col-sm-4\">\n      <div class=\"input-outer\">\n        <span class=\"wpcf7-form-control-wrap\" data-name=\"destination1\"><input size=\"40\" maxlength=\"400\" class=\"wpcf7-form-control wpcf7-text wpcf7-validates-as-required form-control\" aria-required=\"true\" aria-invalid=\"false\" placeholder=\"Kon\u010dni cilj\" value=\"\" type=\"text\" name=\"destination1\" \/><\/span>\n        <i class=\"fa fa-map-marker-alt\"><\/i>\n      <\/div>\n    <\/div>\n    <div class=\"col-sm-4\">\n      <div class=\"input-outer\">\n        <span class=\"wpcf7-form-control-wrap\" data-name=\"date-96\"><input class=\"wpcf7-form-control wpcf7-date wpcf7-validates-as-date form-control\" aria-invalid=\"false\" placeholder=\"Datum rezervacije\" value=\"\" type=\"date\" name=\"date-96\" \/><\/span>\n        <i class=\"fas fa-calendar-day\"><\/i>\n      <\/div>\n    <\/div>\n    <div class=\"col-sm-4\">\n      <div class=\"input-outer\">\n        <span class=\"wpcf7-form-control-wrap\" data-name=\"time\"><input size=\"40\" maxlength=\"400\" class=\"wpcf7-form-control wpcf7-text wpcf7-validates-as-required form-control\" aria-required=\"true\" aria-invalid=\"false\" placeholder=\"\u010cas rezervacije\" value=\"\" type=\"text\" name=\"time\" \/><\/span>\n        <i class=\"fa fa-clock\"><\/i>\n      <\/div>\n    <\/div>\n    <div class=\"col-sm-12\">\n      <input class=\"wpcf7-form-control wpcf7-submit has-spinner btn theme-btn-style-three btn-flat\" type=\"submit\" value=\"Potrdite\" \/>\n    <\/div>\n  <\/div>\n<\/div><div class=\"wpcf7-response-output\" aria-hidden=\"true\"><\/div>\n<input type=\"hidden\" name=\"trp-form-language\" value=\"sl\"\/><\/form>\n<\/div>\n<\/div>\r\n\t\t\t<\/div>\t\t\t\t<\/div>\n\t\t\t\t<\/div>\n\t\t\t\t<\/div>\n\t\t\t\t<\/div>\n\t\t\t\t<\/div>\n\t\t\t\t\t<\/div>\n\t\t\t\t<\/div>\n\t\t<div class=\"elementor-element elementor-element-c82c79e e-flex e-con-boxed tm-col-stretched-none tm-bg-color-over-image e-con e-parent\" data-id=\"c82c79e\" data-element_type=\"container\" data-e-type=\"container\">\n\t\t\t\t\t<div class=\"e-con-inner\">\n\t\t<div class=\"elementor-element elementor-element-bb98e85 e-flex e-con-boxed tm-col-stretched-none tm-bg-color-over-image e-con e-child\" data-id=\"bb98e85\" data-element_type=\"container\" data-e-type=\"container\">\n\t\t\t\t\t<div class=\"e-con-inner\">\n\t\t\t\t<div class=\"elementor-element elementor-element-76f9bfb elementor-widget elementor-widget-tm-ele-service-block\" data-id=\"76f9bfb\" data-element_type=\"widget\" data-e-type=\"widget\" data-widget_type=\"tm-ele-service-block.skin-style1\">\n\t\t\t\t<div class=\"elementor-widget-container\">\n\t\t\t\t\t\t<div class=\"tm-sc-service tm-service-grid\">\r\n\t\t<!-- Isotope Gallery Grid -->\r\n\t\t<div id=\"service-block-holder-465427\" class=\"isotope-layout grid-3 gutter-10   clearfix\">\r\n\t\t\t<div class=\"isotope-layout-inner\">\r\n\t\t\t\t<!-- the loop -->\r\n\t\t\t\t\t\t\t\t\t\t\t\t\t\t\t\t<div class=\"isotope-item service-item elementor-repeater-item-0937147\" data-wow-delay=\"\">\r\n\t\t\t\t\t<!-- Service Block Style1-->\r\n\r\n<div class=\"service-block-style1\">\r\n  <div class=\"inner-box\">\r\n    <div class=\"image-box\">\r\n      <div class=\"image\">\r\n        \r\n\t\t\r\n<div class=\"service-featured-img\">\r\n\t<img fetchpriority=\"high\" decoding=\"async\" src=\"https:\/\/taxinova.si\/wp-content\/uploads\/2024\/09\/service2.jpg\" width=\"500\" height=\"500\" alt=\"\">\r\n<\/div>      <\/div>\r\n    <\/div>\r\n    <div class=\"content\">\r\n      \r\n\t\t<h4 class=\"service-title\">\r\n\t\t\t\t<a\r\n\t\t\t\t\t\thref=\"https:\/\/taxinova.si\/sl\/services\/\">\r\n\t\t\tSpletna rezervacija\t\t<\/a>\r\n\t\t\t<\/h4>\r\n\t      <div class=\"service-details\"> Hitro in enostavno\nPozabite na klice \u2013 svojo vo\u017enjo rezervirajte na spletu v le nekaj klikih.\nIzpolnite obrazec z informacijami o prevozu in kmalu boste prejeli potrditev.<\/div>\r\n    <\/div>\r\n  <\/div>\r\n<\/div>\t\t\t\t<\/div>\r\n\t\t\t\t\t\t\t\t\t\t\t\t\t\t\t\t<div class=\"isotope-item service-item elementor-repeater-item-615c665\" data-wow-delay=\"\">\r\n\t\t\t\t\t<!-- Service Block Style1-->\r\n\r\n<div class=\"service-block-style1\">\r\n  <div class=\"inner-box\">\r\n    <div class=\"image-box\">\r\n      <div class=\"image\">\r\n        \r\n\t\t\r\n<div class=\"service-featured-img\">\r\n\t<img decoding=\"async\" src=\"https:\/\/taxinova.si\/wp-content\/uploads\/2024\/09\/service3.jpg\" width=\"500\" height=\"500\" alt=\"business taxi transfer Koper Slovenia\">\r\n<\/div>      <\/div>\r\n    <\/div>\r\n    <div class=\"content\">\r\n      \r\n\t\t<h4 class=\"service-title\">\r\n\t\t\t\t<a\r\n\t\t\t\t\t\thref=\"https:\/\/taxinova.si\/sl\/services\/\">\r\n\t\t\tPoslovni prevozi\t\t<\/a>\r\n\t\t\t<\/h4>\r\n\t      <div class=\"service-details\">Profesionalni prevoz za poslovne stranke,\nTAXINOVA zagotavlja poslovne prevoze na visoki ravni za posameznike in podjetja, ki cenijo zanesljivost, diskretnost in udobje.\n<\/div>\r\n    <\/div>\r\n  <\/div>\r\n<\/div>\t\t\t\t<\/div>\r\n\t\t\t\t\t\t\t\t\t\t\t\t\t\t\t\t<div class=\"isotope-item service-item elementor-repeater-item-18fb88e\" data-wow-delay=\"\">\r\n\t\t\t\t\t<!-- Service Block Style1-->\r\n\r\n<div class=\"service-block-style1\">\r\n  <div class=\"inner-box\">\r\n    <div class=\"image-box\">\r\n      <div class=\"image\">\r\n        \r\n\t\t\r\n<div class=\"service-featured-img\">\r\n\t<img decoding=\"async\" src=\"https:\/\/taxinova.si\/wp-content\/uploads\/2024\/09\/service1.jpg\" width=\"500\" height=\"500\" alt=\"city taxi Koper Slovenia\">\r\n<\/div>      <\/div>\r\n    <\/div>\r\n    <div class=\"content\">\r\n      \r\n\t\t<h4 class=\"service-title\">\r\n\t\t\t\t<a\r\n\t\t\t\t\t\thref=\"https:\/\/taxinova.si\/sl\/services\/\">\r\n\t\t\tCity Transport\t\t<\/a>\r\n\t\t\t<\/h4>\r\n\t      <div class=\"service-details\">Hitre, varne in udobne vo\u017enje po mestu. Ne glede na to, ali se odpravljate na sestanek, v hotel ali na ve\u010derjo \u2013 na\u0161i vozniki vas bodo pravo\u010dasno in brez stresa pripeljali na cilj.<\/div>\r\n    <\/div>\r\n  <\/div>\r\n<\/div>\t\t\t\t<\/div>\r\n\t\t\t\t\t\t\t\t\t\t\t\t\t\t\t\t<div class=\"isotope-item service-item elementor-repeater-item-6a1083e\" data-wow-delay=\"\">\r\n\t\t\t\t\t<!-- Service Block Style1-->\r\n\r\n<div class=\"service-block-style1\">\r\n  <div class=\"inner-box\">\r\n    <div class=\"image-box\">\r\n      <div class=\"image\">\r\n        \r\n\t\t\r\n<div class=\"service-featured-img\">\r\n\t<img loading=\"lazy\" decoding=\"async\" src=\"https:\/\/taxinova.si\/wp-content\/uploads\/2025\/07\/Rectangle-15-2.jpg\" width=\"370\" height=\"366\" alt=\"airport taxi transfer Koper Slovenia\">\r\n<\/div>      <\/div>\r\n    <\/div>\r\n    <div class=\"content\">\r\n      \r\n\t\t<h4 class=\"service-title\">\r\n\t\t\t\t<a\r\n\t\t\t\t\t\thref=\"https:\/\/taxinova.si\/sl\/services\/\">\r\n\t\t\tAirport Transfer\t\t<\/a>\r\n\t\t\t<\/h4>\r\n\t      <div class=\"service-details\">Zanesljivi prevozi na letali\u0161\u010de - vedno pravo\u010dasno\nTAXINOVA poskrbi, da boste na letali\u0161\u010de prispeli varno, udobno in vedno pravo\u010dasno.<\/div>\r\n    <\/div>\r\n  <\/div>\r\n<\/div>\t\t\t\t<\/div>\r\n\t\t\t\t\t\t\t\t\t\t\t\t\t\t\t\t<div class=\"isotope-item service-item elementor-repeater-item-e3e9345\" data-wow-delay=\"\">\r\n\t\t\t\t\t<!-- Service Block Style1-->\r\n\r\n<div class=\"service-block-style1\">\r\n  <div class=\"inner-box\">\r\n    <div class=\"image-box\">\r\n      <div class=\"image\">\r\n        \r\n\t\t\r\n<div class=\"service-featured-img\">\r\n\t<img loading=\"lazy\" decoding=\"async\" src=\"https:\/\/taxinova.si\/wp-content\/uploads\/2024\/09\/tm6.jpg\" width=\"600\" height=\"600\" alt=\"\">\r\n<\/div>      <\/div>\r\n    <\/div>\r\n    <div class=\"content\">\r\n      \r\n\t\t<h4 class=\"service-title\">\r\n\t\t\t\t<a\r\n\t\t\t\t\t\thref=\"https:\/\/taxinova.si\/sl\/services\/\">\r\n\t\t\tDolge razdalje\t\t<\/a>\r\n\t\t\t<\/h4>\r\n\t      <div class=\"service-details\">Potujte udobno med mesti in dr\u017eavami. Idealno za prevoze do letali\u0161\u010d, poslovna potovanja ali zasebne prevoze po Sloveniji, Italiji in Hrva\u0161ki \u2014 s premium udobjem in profesionalnim voznikom na voljo.<\/div>\r\n    <\/div>\r\n  <\/div>\r\n<\/div>\t\t\t\t<\/div>\r\n\t\t\t\t\t\t\t\t\t\t\t\t\t\t\t\t<div class=\"isotope-item service-item elementor-repeater-item-c66ba29\" data-wow-delay=\"\">\r\n\t\t\t\t\t<!-- Service Block Style1-->\r\n\r\n<div class=\"service-block-style1\">\r\n  <div class=\"inner-box\">\r\n    <div class=\"image-box\">\r\n      <div class=\"image\">\r\n        \r\n\t\t\r\n<div class=\"service-featured-img\">\r\n\t<img loading=\"lazy\" decoding=\"async\" src=\"https:\/\/taxinova.si\/wp-content\/uploads\/2024\/09\/service6.jpg\" width=\"500\" height=\"500\" alt=\"Port of Koper taxi transfer to Ljubljana airport\">\r\n<\/div>      <\/div>\r\n    <\/div>\r\n    <div class=\"content\">\r\n      \r\n\t\t<h4 class=\"service-title\">\r\n\t\t\t\t<a\r\n\t\t\t\t\t\thref=\"https:\/\/taxinova.si\/sl\/services\/\">\r\n\t\t\tPort of Koper Transfers\t\t<\/a>\r\n\t\t\t<\/h4>\r\n\t      <div class=\"service-details\">Zanesljiv in udoben prevoz iz pristani\u0161\u010da Koper do katerekoli destinacije.\nNe glede na to, ali prihajate s kri\u017earke ali tovorne ladje \u2013 na\u0161i vozniki poskrbijo za pravo\u010dasen in nemoten prevoz do letali\u0161\u010d, mest ali hotelov.<\/div>\r\n    <\/div>\r\n  <\/div>\r\n<\/div>\t\t\t\t<\/div>\r\n\t\t\t\t\t\t\t\t<!-- end of the loop -->\r\n\t\t\t<\/div>\r\n\t\t<\/div>\r\n\t\t\t<\/div>\r\n\r\n\t\t\t\t<\/div>\n\t\t\t\t<\/div>\n\t\t\t\t\t<\/div>\n\t\t\t\t<\/div>\n\t\t\t\t\t<\/div>\n\t\t\t\t<\/div>\n\t\t\t\t<\/div>","protected":false},"excerpt":{"rendered":"<p>Online booking Confirm your booking now! Online Booking Fast and Easy Avoid the call \u2014 book your ride online in&#8230;<\/p>","protected":false},"author":1,"featured_media":0,"parent":0,"menu_order":0,"comment_status":"closed","ping_status":"closed","template":"","meta":{"pagelayer_contact_templates":[],"_pagelayer_content":"","_monsterinsights_skip_tracking":false,"_monsterinsights_sitenote_active":false,"_monsterinsights_sitenote_note":"","_monsterinsights_sitenote_category":0,"footnotes":""},"class_list":["post-20091","page","type-page","status-publish","hentry"],"jetpack_sharing_enabled":true,"_links":{"self":[{"href":"https:\/\/taxinova.si\/sl\/wp-json\/wp\/v2\/pages\/20091","targetHints":{"allow":["GET"]}}],"collection":[{"href":"https:\/\/taxinova.si\/sl\/wp-json\/wp\/v2\/pages"}],"about":[{"href":"https:\/\/taxinova.si\/sl\/wp-json\/wp\/v2\/types\/page"}],"author":[{"embeddable":true,"href":"https:\/\/taxinova.si\/sl\/wp-json\/wp\/v2\/users\/1"}],"replies":[{"embeddable":true,"href":"https:\/\/taxinova.si\/sl\/wp-json\/wp\/v2\/comments?post=20091"}],"version-history":[{"count":2,"href":"https:\/\/taxinova.si\/sl\/wp-json\/wp\/v2\/pages\/20091\/revisions"}],"predecessor-version":[{"id":20093,"href":"https:\/\/taxinova.si\/sl\/wp-json\/wp\/v2\/pages\/20091\/revisions\/20093"}],"wp:attachment":[{"href":"https:\/\/taxinova.si\/sl\/wp-json\/wp\/v2\/media?parent=20091"}],"curies":[{"name":"wp","href":"https:\/\/api.w.org\/{rel}","templated":true}]}}